{"id":249,"date":"2021-05-30T22:18:55","date_gmt":"2021-05-30T20:18:55","guid":{"rendered":"https:\/\/seggfrk.cluster020.hosting.ovh.net\/?page_id=249"},"modified":"2021-06-03T07:01:51","modified_gmt":"2021-06-03T05:01:51","slug":"mentions-legales","status":"publish","type":"page","link":"https:\/\/segg.fr\/index.php\/mentions-legales\/","title":{"rendered":"Mentions l\u00e9gales"},"content":{"rendered":"\n<ul><li>responsable de publication  : R\u00e9gine Pov\u00e9da<\/li><li>mail : <a href=\"mailto:syndicatdeseauxmeilhan@orange.fr\">syndicatdeseauxmeilhan@orange.fr<\/a><\/li><li>Tel : 05.53.94.32.50<\/li><li>Siret : 24470032400019<\/li><li>Code APE : Administration publique g\u00e9n\u00e9rale (8411Z)<\/li><li>Hebergeur : OVH &#8211; Si\u00e8ge social : 2 rue Kellermann &#8211; 59100 Roubaix &#8211; France<\/li><\/ul>\n","protected":false},"excerpt":{"rendered":"<p>responsable de publication : R\u00e9gine Pov\u00e9da mail : syndicatdeseauxmeilhan@orange.fr Tel : 05.53.94.32.50 Siret : 24470032400019 Code APE : Administration publique g\u00e9n\u00e9rale (8411Z) Hebergeur : OVH &#8211; Si\u00e8ge social : 2 [&hellip;]<\/p>\n","protected":false},"author":1,"featured_media":0,"parent":0,"menu_order":0,"comment_status":"closed","ping_status":"closed","template":"","meta":[],"_links":{"self":[{"href":"https:\/\/segg.fr\/index.php\/wp-json\/wp\/v2\/pages\/249"}],"collection":[{"href":"https:\/\/segg.fr\/index.php\/wp-json\/wp\/v2\/pages"}],"about":[{"href":"https:\/\/segg.fr\/index.php\/wp-json\/wp\/v2\/types\/page"}],"author":[{"embeddable":true,"href":"https:\/\/segg.fr\/index.php\/wp-json\/wp\/v2\/users\/1"}],"replies":[{"embeddable":true,"href":"https:\/\/segg.fr\/index.php\/wp-json\/wp\/v2\/comments?post=249"}],"version-history":[{"count":3,"href":"https:\/\/segg.fr\/index.php\/wp-json\/wp\/v2\/pages\/249\/revisions"}],"predecessor-version":[{"id":545,"href":"https:\/\/segg.fr\/index.php\/wp-json\/wp\/v2\/pages\/249\/revisions\/545"}],"wp:attachment":[{"href":"https:\/\/segg.fr\/index.php\/wp-json\/wp\/v2\/media?parent=249"}],"curies":[{"name":"wp","href":"https:\/\/api.w.org\/{rel}","templated":true}]}}